{"id":21,"date":"2021-06-22T13:46:17","date_gmt":"2021-06-22T11:46:17","guid":{"rendered":"https:\/\/www.systemcare.eu\/?page_id=21"},"modified":"2021-06-22T15:15:18","modified_gmt":"2021-06-22T13:15:18","slug":"das-neue-museum-oeffnet-seine-tueren","status":"publish","type":"page","link":"https:\/\/www.systemcare.eu\/","title":{"rendered":"Monitoring #2021"},"content":{"rendered":"\n<blockquote class=\"wp-block-quote is-layout-flow wp-block-quote-is-layout-flow\"><p>Clientanbindung in unter einer Minute, Warum warten?<\/p><cite>Denn nur wer wirklich wei\u00df was abgeht &#8211; hat Plan!<\/cite><\/blockquote>\n\n\n\n<div class=\"wp-block-columns alignwide is-layout-flex wp-container-core-columns-is-layout-9d6595d7 wp-block-columns-is-layout-flex\">\n<div class=\"wp-block-column is-layout-flow wp-block-column-is-layout-flow\">\n<div class=\"wp-block-group has-background-color has-text-color has-background\" style=\"background-color:#ffffff\"><div class=\"wp-block-group__inner-container is-layout-flow wp-block-group-is-layout-flow\">\n<h2 class=\"has-text-align-center wp-block-heading\">Gesch\u00e4ftsf\u00fchrer<\/h2>\n\n\n\n<p class=\"has-text-align-center\">Gr\u00fcnde f\u00fcr Systemmonitoring <\/p>\n\n\n\n<div class=\"wp-block-buttons is-content-justification-center is-layout-flex wp-block-buttons-is-layout-flex\"><\/div>\n<\/div><\/div>\n<\/div>\n\n\n\n<div class=\"wp-block-column is-layout-flow wp-block-column-is-layout-flow\">\n<div class=\"wp-block-group has-background\" style=\"background-color:#ffffff\"><div class=\"wp-block-group__inner-container is-layout-flow wp-block-group-is-layout-flow\">\n<h2 class=\"has-text-align-center has-background-color has-text-color wp-block-heading\">IT&#8217;ler<\/h2>\n\n\n\n<p class=\"has-text-align-center has-background-color has-text-color\">Gr\u00fcnde f\u00fcr Systemmonitoring<\/p>\n\n\n\n<div class=\"wp-block-buttons is-content-justification-center is-layout-flex wp-block-buttons-is-layout-flex\"><\/div>\n<\/div><\/div>\n<\/div>\n<\/div>\n","protected":false},"excerpt":{"rendered":"<p>Clientanbindung in unter einer Minute, Warum warten? Denn nur wer wirklich wei\u00df was abgeht &#8211; hat Plan! Gesch\u00e4ftsf\u00fchrer Gr\u00fcnde f\u00fcr Systemmonitoring IT&#8217;ler Gr\u00fcnde f\u00fcr Systemmonitoring<\/p>\n","protected":false},"author":1,"featured_media":0,"parent":0,"menu_order":0,"comment_status":"closed","ping_status":"closed","template":"","meta":{"footnotes":""},"class_list":["post-21","page","type-page","status-publish","hentry"],"_links":{"self":[{"href":"https:\/\/www.systemcare.eu\/index.php?rest_route=\/wp\/v2\/pages\/21","targetHints":{"allow":["GET"]}}],"collection":[{"href":"https:\/\/www.systemcare.eu\/index.php?rest_route=\/wp\/v2\/pages"}],"about":[{"href":"https:\/\/www.systemcare.eu\/index.php?rest_route=\/wp\/v2\/types\/page"}],"author":[{"embeddable":true,"href":"https:\/\/www.systemcare.eu\/index.php?rest_route=\/wp\/v2\/users\/1"}],"replies":[{"embeddable":true,"href":"https:\/\/www.systemcare.eu\/index.php?rest_route=%2Fwp%2Fv2%2Fcomments&post=21"}],"version-history":[{"count":8,"href":"https:\/\/www.systemcare.eu\/index.php?rest_route=\/wp\/v2\/pages\/21\/revisions"}],"predecessor-version":[{"id":70,"href":"https:\/\/www.systemcare.eu\/index.php?rest_route=\/wp\/v2\/pages\/21\/revisions\/70"}],"wp:attachment":[{"href":"https:\/\/www.systemcare.eu\/index.php?rest_route=%2Fwp%2Fv2%2Fmedia&parent=21"}],"curies":[{"name":"wp","href":"https:\/\/api.w.org\/{rel}","templated":true}]}}